{"id":11457,"date":"2023-07-10T07:29:16","date_gmt":"2023-07-10T07:29:16","guid":{"rendered":"https:\/\/www.opalte.com\/shop\/%d8%aa%d8%b4%d9%83%d9%8a%d9%84%d8%a9-%d9%85%d9%86-%d9%a1%d9%a9%d9%a0-%d9%82%d8%b7%d8%b9%d8%a9-%d9%85%d9%86-%d8%a3%d9%86%d8%a7%d8%a8%d9%8a%d8%a8-%d8%a7%d9%84%d8%a7%d9%86%d9%83%d9%85%d8%a7%d8%b4-%d8%a7\/"},"modified":"2025-07-20T08:43:56","modified_gmt":"2025-07-20T08:43:56","slug":"190pc-50mm-heat-shrink-tubing-assortment-mixed-colours","status":"publish","type":"product","link":"https:\/\/www.opalte.com\/ar\/product\/190pc-50mm-heat-shrink-tubing-assortment-mixed-colours\/","title":{"rendered":"\u062a\u0634\u0643\u064a\u0644\u0629 \u0645\u0646 \u0661\u0669\u0660 \u0642\u0637\u0639\u0629 \u0645\u0646 \u0623\u0646\u0627\u0628\u064a\u0628 \u0627\u0644\u0627\u0646\u0643\u0645\u0627\u0634 \u0627\u0644\u062d\u0631\u0627\u0631\u064a \u0628\u0642\u0637\u0631 \u0665\u0660 \u0645\u0645 &#8211; \u0623\u0644\u0648\u0627\u0646 \u0645\u062a\u0646\u0648\u0639\u0629"},"content":{"rendered":"<ul>\n<li style=\"text-align: right;\">\u0623\u0646\u0627\u0628\u064a\u0628 \u0627\u0644\u0627\u0646\u0643\u0645\u0627\u0634 \u0627\u0644\u062d\u0631\u0627\u0631\u064a \u0630\u0627\u062a \u0627\u0644\u062c\u062f\u0627\u0631 \u0627\u0644\u0631\u0642\u064a\u0642.<\/li>\n<li style=\"text-align: right;\">\u0645\u062a\u0648\u0627\u0641\u0642 \u0645\u0639 RoHS.<\/li>\n<li style=\"text-align: right;\">\u0646\u0633\u0628\u0629 \u0627\u0644\u0627\u0646\u0643\u0645\u0627\u0634: 2:1.<\/li>\n<li style=\"text-align: right;\">\u0627\u0644\u0623\u0644\u0648\u0627\u0646 \u0627\u0644\u0645\u062e\u062a\u0644\u0637\u0629: \u0627\u0644\u0623\u0633\u0648\u062f\u060c \u0627\u0644\u0623\u0632\u0631\u0642\u060c \u0627\u0644\u0623\u062d\u0645\u0631\u060c \u0627\u0644\u0623\u0628\u064a\u0636\u060c \u0627\u0644\u0623\u0635\u0641\u0631.<\/li>\n<li style=\"text-align: right;\">\u0627\u0644\u0637\u0648\u0644: 50 \u0645\u0644\u0645.<\/li>\n<li style=\"text-align: right;\">\u0645\u0642\u0627\u0633 (Approximate Quantity): \u00d83.2 (x70), \u00d84.8 (x70), \u00d86.4mm (x50).<\/li>\n<\/ul>\n<p style=\"text-align: right;\">\n","protected":false},"excerpt":{"rendered":"<p>\u0623\u0646\u0627\u0628\u064a\u0628 \u0627\u0644\u0627\u0646\u0643\u0645\u0627\u0634 \u0627\u0644\u062d\u0631\u0627\u0631\u064a \u0630\u0627\u062a \u0627\u0644\u062c\u062f\u0627\u0631 \u0627\u0644\u0631\u0642\u064a\u0642. \u0645\u062a\u0648\u0627\u0641\u0642 \u0645\u0639 RoHS. \u0646\u0633\u0628\u0629 \u0627\u0644\u0627\u0646\u0643\u0645\u0627\u0634: 2:1. \u0627\u0644\u0623\u0644\u0648\u0627\u0646 \u0627\u0644\u0645\u062e\u062a\u0644\u0637\u0629: \u0627\u0644\u0623\u0633\u0648\u062f\u060c \u0627\u0644\u0623\u0632\u0631\u0642\u060c \u0627\u0644\u0623\u062d\u0645\u0631\u060c \u0627\u0644\u0623\u0628\u064a\u0636\u060c \u0627\u0644\u0623\u0635\u0641\u0631. \u0627\u0644\u0637\u0648\u0644: 50 \u0645\u0644\u0645. \u0645\u0642\u0627\u0633 (Approximate Quantity): \u00d83.2 (x70), \u00d84.8 (x70), \u00d86.4mm (x50).<\/p>\n","protected":false},"featured_media":10684,"comment_status":"open","ping_status":"closed","template":"","meta":[],"product_brand":[],"product_cat":[420],"product_tag":[],"class_list":{"0":"post-11457","1":"product","2":"type-product","3":"status-publish","4":"has-post-thumbnail","6":"product_cat-tool-accessories","7":"product_shipping_class-local-pickup-ar","9":"first","10":"instock","11":"taxable","12":"shipping-taxable","13":"product-type-simple"},"aioseo_notices":[],"_links":{"self":[{"href":"https:\/\/www.opalte.com\/ar\/wp-json\/wp\/v2\/product\/11457","targetHints":{"allow":["GET"]}}],"collection":[{"href":"https:\/\/www.opalte.com\/ar\/wp-json\/wp\/v2\/product"}],"about":[{"href":"https:\/\/www.opalte.com\/ar\/wp-json\/wp\/v2\/types\/product"}],"replies":[{"embeddable":true,"href":"https:\/\/www.opalte.com\/ar\/wp-json\/wp\/v2\/comments?post=11457"}],"wp:featuredmedia":[{"embeddable":true,"href":"https:\/\/www.opalte.com\/ar\/wp-json\/wp\/v2\/media\/10684"}],"wp:attachment":[{"href":"https:\/\/www.opalte.com\/ar\/wp-json\/wp\/v2\/media?parent=11457"}],"wp:term":[{"taxonomy":"product_brand","embeddable":true,"href":"https:\/\/www.opalte.com\/ar\/wp-json\/wp\/v2\/product_brand?post=11457"},{"taxonomy":"product_cat","embeddable":true,"href":"https:\/\/www.opalte.com\/ar\/wp-json\/wp\/v2\/product_cat?post=11457"},{"taxonomy":"product_tag","embeddable":true,"href":"https:\/\/www.opalte.com\/ar\/wp-json\/wp\/v2\/product_tag?post=11457"}],"curies":[{"name":"wp","href":"https:\/\/api.w.org\/{rel}","templated":true}]}}